{"id":431,"date":"2021-05-17T06:59:53","date_gmt":"2021-05-17T06:59:53","guid":{"rendered":"https:\/\/clinicasamet.com\/index.php\/services\/"},"modified":"2023-06-01T15:45:34","modified_gmt":"2023-06-01T18:45:34","slug":"services","status":"publish","type":"page","link":"https:\/\/clinicasamet.com\/index.php\/services\/","title":{"rendered":"Services"},"content":{"rendered":"\t\t<div data-elementor-type=\"wp-page\" data-elementor-id=\"431\" class=\"elementor elementor-431\">\n\t\t\t\t\t\t\t\t\t<section class=\"elementor-section elementor-top-section elementor-element elementor-element-e14ffb3 elementor-section-boxed elementor-section-height-default elementor-section-height-default\" data-id=\"e14ffb3\" data-element_type=\"section\">\n\t\t\t\t\t\t<div class=\"elementor-container elementor-column-gap-default\">\n\t\t\t\t\t<div class=\"elementor-column elementor-col-100 elementor-top-column elementor-element elementor-element-45a7e05\" data-id=\"45a7e05\" data-element_type=\"column\">\n\t\t\t<div class=\"elementor-widget-wrap elementor-element-populated\">\n\t\t\t\t\t\t\t\t<div class=\"elementor-element elementor-element-22f7845 elementor-widget elementor-widget-heading\" data-id=\"22f7845\" data-element_type=\"widget\" data-widget_type=\"heading.default\">\n\t\t\t\t<div class=\"elementor-widget-container\">\n\t\t\t<style>\/*! elementor - v3.13.3 - 22-05-2023 *\/\n.elementor-heading-title{padding:0;margin:0;line-height:1}.elementor-widget-heading .elementor-heading-title[class*=elementor-size-]>a{color:inherit;font-size:inherit;line-height:inherit}.elementor-widget-heading .elementor-heading-title.elementor-size-small{font-size:15px}.elementor-widget-heading .elementor-heading-title.elementor-size-medium{font-size:19px}.elementor-widget-heading .elementor-heading-title.elementor-size-large{font-size:29px}.elementor-widget-heading .elementor-heading-title.elementor-size-xl{font-size:39px}.elementor-widget-heading .elementor-heading-title.elementor-size-xxl{font-size:59px}<\/style><h2 class=\"elementor-heading-title elementor-size-default\">NOSSO PORTIF\u00d3LIO  DE SERVI\u00c7OS\/ACESSORIA<\/h2>\t\t<\/div>\n\t\t\t\t<\/div>\n\t\t\t\t\t<\/div>\n\t\t<\/div>\n\t\t\t\t\t\t\t<\/div>\n\t\t<\/section>\n\t\t\t\t<section class=\"elementor-section elementor-top-section elementor-element elementor-element-916f27d elementor-section-boxed elementor-section-height-default elementor-section-height-default\" data-id=\"916f27d\" data-element_type=\"section\">\n\t\t\t\t\t\t<div class=\"elementor-container elementor-column-gap-default\">\n\t\t\t\t\t<div class=\"elementor-column elementor-col-100 elementor-top-column elementor-element elementor-element-4650cc6\" data-id=\"4650cc6\" data-element_type=\"column\">\n\t\t\t<div class=\"elementor-widget-wrap elementor-element-populated\">\n\t\t\t\t\t\t\t\t<div class=\"elementor-element elementor-element-1c41107 elementor-widget elementor-widget-heading\" data-id=\"1c41107\" data-element_type=\"widget\" data-widget_type=\"heading.default\">\n\t\t\t\t<div class=\"elementor-widget-container\">\n\t\t\t<h6 class=\"elementor-heading-title elementor-size-default\">ASSESSORIA NA ELABORA\u00c7\u00c3O DE DOCUMENTOS:\nPCMSO - Programa de Controle M\u00e9dico de Sa\u00fade Ocupacional\nPrevisto pela Norma Regulamentadora 7 (NR 7), determina que todas as companhias que\nadmitam trabalhadores como empregados devem realizar uma s\u00e9rie de exames ao longo do\ncontrato, de modo a avaliar poss\u00edveis impactos da atividade na sa\u00fade do funcion\u00e1rio, ele deve\nser elaborado e implementado nas empresas para o controle de sa\u00fade dos trabalhadores de\nacordo com os riscos ocupacionais os quais estejam expostos.\n<\/h6>\t\t<\/div>\n\t\t\t\t<\/div>\n\t\t\t\t\t<\/div>\n\t\t<\/div>\n\t\t\t\t\t\t\t<\/div>\n\t\t<\/section>\n\t\t\t\t<section class=\"elementor-section elementor-top-section elementor-element elementor-element-b274f25 elementor-section-boxed elementor-section-height-default elementor-section-height-default\" data-id=\"b274f25\" data-element_type=\"section\">\n\t\t\t\t\t\t<div class=\"elementor-container elementor-column-gap-default\">\n\t\t\t\t\t<div class=\"elementor-column elementor-col-100 elementor-top-column elementor-element elementor-element-0ec82f1\" data-id=\"0ec82f1\" data-element_type=\"column\">\n\t\t\t<div class=\"elementor-widget-wrap elementor-element-populated\">\n\t\t\t\t\t\t\t\t<div class=\"elementor-element elementor-element-ba51520 elementor-widget elementor-widget-heading\" data-id=\"ba51520\" data-element_type=\"widget\" data-widget_type=\"heading.default\">\n\t\t\t\t<div class=\"elementor-widget-container\">\n\t\t\t<h6 class=\"elementor-heading-title elementor-size-default\">MONITORAMENTO E ENVIO DO EVENTO NO E-SOCIAL\nO que \u00e9 o e-Social?\nO meio digital foi implementado com o objetivo de garantir que os empregadores comuniquem ao\ngoverno todas as informa\u00e7\u00f5es sobre seus funcion\u00e1rios. Ou seja, os mais variados dados dos\ntrabalhadores como v\u00ednculos, contribui\u00e7\u00f5es para a Previd\u00eancia, folha de pagamento, acidentes\nde trabalho, entre outros. Em geral, visava simplificar a comunica\u00e7\u00e3o entre empresas e Governo\nFederal.\nNo entanto, fazer todos os ajustes necess\u00e1rios para a implementa\u00e7\u00e3o do e-Social n\u00e3o \u00e9\nconsiderada uma tarefa das mais simples. Nem todos os profissionais de contabilidade ou\nadministrativo est\u00e3o aptos a desenvolver esta exig\u00eancia com assertividade.\nNeste contexto, torna-se importante para as empresas que precisam aderir ao e-Social contarem\ncom o aux\u00edlio de consultorias e profissionais especializados na plataforma do governo e em suas\nespecificidades. A SAMET capacitada para esse processo, fazemos o monitoramento do evento\nda sa\u00fade do trabalhador, envio do S-2220.\n<\/h6>\t\t<\/div>\n\t\t\t\t<\/div>\n\t\t\t\t\t<\/div>\n\t\t<\/div>\n\t\t\t\t\t\t\t<\/div>\n\t\t<\/section>\n\t\t\t\t<section class=\"elementor-section elementor-top-section elementor-element elementor-element-8727c2a elementor-section-boxed elementor-section-height-default elementor-section-height-default\" data-id=\"8727c2a\" data-element_type=\"section\">\n\t\t\t\t\t\t<div class=\"elementor-container elementor-column-gap-default\">\n\t\t\t\t\t<div class=\"elementor-column elementor-col-100 elementor-top-column elementor-element elementor-element-b84190a\" data-id=\"b84190a\" data-element_type=\"column\">\n\t\t\t<div class=\"elementor-widget-wrap elementor-element-populated\">\n\t\t\t\t\t\t\t\t<div class=\"elementor-element elementor-element-cb5985e elementor-widget elementor-widget-heading\" data-id=\"cb5985e\" data-element_type=\"widget\" data-widget_type=\"heading.default\">\n\t\t\t\t<div class=\"elementor-widget-container\">\n\t\t\t<h6 class=\"elementor-heading-title elementor-size-default\">Objetivos do e-Social\nO objetivo principal do e-Social \u00e9 simplificar, por meio da transmiss\u00e3o digital de dados, a\npresta\u00e7\u00e3o das informa\u00e7\u00f5es referentes \u00e0s obriga\u00e7\u00f5es fiscais, previdenci\u00e1rias e trabalhistas O que\nreduz a burocracia de processos.\nAl\u00e9m disso, a ades\u00e3o do e-Social visa garantir os direitos dos trabalhadores. Simplifica o\ncumprimento de obriga\u00e7\u00f5es e aprimora a qualidade e acompanhamento das informa\u00e7\u00f5es\ntrabalhistas.\n<\/h6>\t\t<\/div>\n\t\t\t\t<\/div>\n\t\t\t\t\t<\/div>\n\t\t<\/div>\n\t\t\t\t\t\t\t<\/div>\n\t\t<\/section>\n\t\t\t\t\t\t\t<\/div>\n\t\t","protected":false},"excerpt":{"rendered":"<p>NOSSO PORTIF\u00d3LIO DE SERVI\u00c7OS\/ACESSORIA ASSESSORIA NA ELABORA\u00c7\u00c3O DE DOCUMENTOS: PCMSO &#8211; Programa de Controle M\u00e9dico de Sa\u00fade Ocupacional Previsto pela Norma Regulamentadora 7 (NR 7), determina que todas as companhias que admitam trabalhadores como empregados devem realizar uma s\u00e9rie de exames ao longo do contrato, de modo a avaliar poss\u00edveis impactos da atividade na sa\u00fade &hellip;<\/p>\n<p class=\"read-more\"> <a class=\"\" href=\"https:\/\/clinicasamet.com\/index.php\/services\/\"> <span class=\"screen-reader-text\">Services<\/span> Read More &raquo;<\/a><\/p>\n","protected":false},"author":1,"featured_media":0,"parent":0,"menu_order":0,"comment_status":"closed","ping_status":"closed","template":"","meta":{"_uag_custom_page_level_css":"","_mi_skip_tracking":false,"_monsterinsights_sitenote_active":false,"_monsterinsights_sitenote_note":"","_monsterinsights_sitenote_category":0,"site-sidebar-layout":"no-sidebar","site-content-layout":"plain-container","ast-global-header-display":"","ast-banner-title-visibility":"","ast-main-header-display":"","ast-hfb-above-header-display":"","ast-hfb-below-header-display":"","ast-hfb-mobile-header-display":"","site-post-title":"disabled","ast-breadcrumbs-content":"","ast-featured-img":"","footer-sml-layout":"","theme-transparent-header-meta":"default","adv-header-id-meta":"","stick-header-meta":"","header-above-stick-meta":"","header-main-stick-meta":"","header-below-stick-meta":""},"aioseo_notices":[],"uagb_featured_image_src":{"full":false,"thumbnail":false,"medium":false,"medium_large":false,"large":false,"1536x1536":false,"2048x2048":false},"uagb_author_info":{"display_name":"samara.samet@gmail.com","author_link":"https:\/\/clinicasamet.com\/index.php\/author\/samara-sametgmail-com\/"},"uagb_comment_info":0,"uagb_excerpt":"NOSSO PORTIF\u00d3LIO DE SERVI\u00c7OS\/ACESSORIA ASSESSORIA NA ELABORA\u00c7\u00c3O DE DOCUMENTOS: PCMSO &#8211; Programa de Controle M\u00e9dico de Sa\u00fade Ocupacional Previsto pela Norma Regulamentadora 7 (NR 7), determina que todas as companhias que admitam trabalhadores como empregados devem realizar uma s\u00e9rie de exames ao longo do contrato, de modo a avaliar poss\u00edveis impactos da atividade na sa\u00fade&hellip;","_links":{"self":[{"href":"https:\/\/clinicasamet.com\/index.php\/wp-json\/wp\/v2\/pages\/431"}],"collection":[{"href":"https:\/\/clinicasamet.com\/index.php\/wp-json\/wp\/v2\/pages"}],"about":[{"href":"https:\/\/clinicasamet.com\/index.php\/wp-json\/wp\/v2\/types\/page"}],"author":[{"embeddable":true,"href":"https:\/\/clinicasamet.com\/index.php\/wp-json\/wp\/v2\/users\/1"}],"replies":[{"embeddable":true,"href":"https:\/\/clinicasamet.com\/index.php\/wp-json\/wp\/v2\/comments?post=431"}],"version-history":[{"count":7,"href":"https:\/\/clinicasamet.com\/index.php\/wp-json\/wp\/v2\/pages\/431\/revisions"}],"predecessor-version":[{"id":648,"href":"https:\/\/clinicasamet.com\/index.php\/wp-json\/wp\/v2\/pages\/431\/revisions\/648"}],"wp:attachment":[{"href":"https:\/\/clinicasamet.com\/index.php\/wp-json\/wp\/v2\/media?parent=431"}],"curies":[{"name":"wp","href":"https:\/\/api.w.org\/{rel}","templated":true}]}}